{"id":19,"date":"2023-03-01T00:08:29","date_gmt":"2023-03-01T03:08:29","guid":{"rendered":"https:\/\/pescamarechal.com.br\/?page_id=19"},"modified":"2023-05-30T00:42:05","modified_gmt":"2023-05-30T03:42:05","slug":"clube-de-pesca-esportiva-marechal","status":"publish","type":"page","link":"https:\/\/pescamarechal.com.br\/index.php\/clube-de-pesca-esportiva-marechal\/","title":{"rendered":"Clube de Pesca Esportiva Marechal"},"content":{"rendered":"\t\t<div data-elementor-type=\"wp-page\" data-elementor-id=\"19\" class=\"elementor elementor-19\">\n\t\t\t\t\t\t\t\t\t<section data-dce-background-color=\"#02143A\" data-dce-background-overlay-image-url=\"https:\/\/pescamarechal.com.br\/wp-content\/uploads\/2023\/03\/ponto.png\" class=\"elementor-section elementor-top-section elementor-element elementor-element-74bc740 elementor-section-boxed elementor-section-height-default elementor-section-height-default\" data-id=\"74bc740\" data-element_type=\"section\" data-settings=\"{&quot;background_background&quot;:&quot;video&quot;,&quot;background_video_link&quot;:&quot;https:\\\/\\\/www.youtube.com\\\/watch?v=XVkADAwOXnU&quot;,&quot;background_play_on_mobile&quot;:&quot;yes&quot;}\" data-e-bg-lazyload=\".elementor-background-overlay\">\n\t\t\t\t\t\t\t\t<div class=\"elementor-background-video-container\">\n\t\t\t\t\t\t\t\t\t\t\t\t\t<div class=\"elementor-background-video-embed\"><\/div>\n\t\t\t\t\t\t\t\t\t\t\t\t<\/div>\n\t\t\t\t\t\t\t\t\t<div class=\"elementor-background-overlay\"><\/div>\n\t\t\t\t\t\t\t<div class=\"elementor-container elementor-column-gap-default\">\n\t\t\t\t\t<div class=\"elementor-column elementor-col-100 elementor-top-column elementor-element elementor-element-f19c839\" data-id=\"f19c839\" data-element_type=\"column\">\n\t\t\t<div class=\"elementor-widget-wrap elementor-element-populated\">\n\t\t\t\t\t\t\t\t<div class=\"elementor-element elementor-element-cda0454 dce_masking-none elementor-widget elementor-widget-image\" data-id=\"cda0454\" data-element_type=\"widget\" data-widget_type=\"image.default\">\n\t\t\t\t<div class=\"elementor-widget-container\">\n\t\t\t<style>\/*! elementor - v3.11.2 - 22-02-2023 *\/\n.elementor-widget-image{text-align:center}.elementor-widget-image a{display:inline-block}.elementor-widget-image a img[src$=\".svg\"]{width:48px}.elementor-widget-image img{vertical-align:middle;display:inline-block}<\/style>\t\t\t\t\t\t\t\t\t\t\t\t<img loading=\"lazy\" decoding=\"async\" width=\"1191\" height=\"1684\" src=\"https:\/\/pescamarechal.com.br\/wp-content\/uploads\/2023\/05\/Prancheta-1-100.jpg\" class=\"attachment-full size-full wp-image-150\" alt=\"\" srcset=\"https:\/\/pescamarechal.com.br\/wp-content\/uploads\/2023\/05\/Prancheta-1-100.jpg 1191w, https:\/\/pescamarechal.com.br\/wp-content\/uploads\/2023\/05\/Prancheta-1-100-212x300.jpg 212w, https:\/\/pescamarechal.com.br\/wp-content\/uploads\/2023\/05\/Prancheta-1-100-724x1024.jpg 724w, https:\/\/pescamarechal.com.br\/wp-content\/uploads\/2023\/05\/Prancheta-1-100-768x1086.jpg 768w, https:\/\/pescamarechal.com.br\/wp-content\/uploads\/2023\/05\/Prancheta-1-100-1086x1536.jpg 1086w, https:\/\/pescamarechal.com.br\/wp-content\/uploads\/2023\/05\/Prancheta-1-100-600x848.jpg 600w\" sizes=\"(max-width: 1191px) 100vw, 1191px\" style=\"width:100%;height:141.39%;max-width:1191px\" \/>\t\t\t\t\t\t\t\t\t\t\t\t\t\t\t<\/div>\n\t\t\t\t<\/div>\n\t\t\t\t\t<\/div>\n\t\t<\/div>\n\t\t\t\t\t\t\t<\/div>\n\t\t<\/section>\n\t\t\t\t\t\t\t<\/div>\n\t\t","protected":false},"excerpt":{"rendered":"","protected":false},"author":1,"featured_media":0,"parent":0,"menu_order":0,"comment_status":"closed","ping_status":"closed","template":"elementor_canvas","meta":{"footnotes":""},"yoast_head":"<!-- This site is optimized with the Yoast SEO Premium plugin v20.1 (Yoast SEO v20.1) - https:\/\/yoast.com\/wordpress\/plugins\/seo\/ -->\n<title>Clube de Pesca Esportiva Marechal - Clube Pesca Esportiva Marechal<\/title>\n<meta name=\"description\" content=\"Bem-vindo ao nosso site de pesca esportiva em Marechal C\u00e2ndido Rondon, no Paran\u00e1! N\u00f3s somos uma equipe apaixonada por pesca e estamos localizados em uma das regi\u00f5es mais belas e ricas em vida aqu\u00e1tica do pa\u00eds.\" \/>\n<meta name=\"robots\" content=\"index, follow, max-snippet:-1, max-image-preview:large, max-video-preview:-1\" \/>\n<link rel=\"canonical\" href=\"https:\/\/pescamarechal.com.br\/index.php\/clube-de-pesca-esportiva-marechal\/\" \/>\n<meta property=\"og:locale\" content=\"pt_BR\" \/>\n<meta property=\"og:type\" content=\"article\" \/>\n<meta property=\"og:title\" content=\"Clube de Pesca Esportiva Marechal\" \/>\n<meta property=\"og:description\" content=\"Bem-vindo ao nosso site de pesca esportiva em Marechal C\u00e2ndido Rondon, no Paran\u00e1! N\u00f3s somos uma equipe apaixonada por pesca e estamos localizados em uma das regi\u00f5es mais belas e ricas em vida aqu\u00e1tica do pa\u00eds.\" \/>\n<meta property=\"og:url\" content=\"https:\/\/pescamarechal.com.br\/index.php\/clube-de-pesca-esportiva-marechal\/\" \/>\n<meta property=\"og:site_name\" content=\"Clube Pesca Esportiva Marechal\" \/>\n<meta property=\"article:modified_time\" content=\"2023-05-30T03:42:05+00:00\" \/>\n<meta property=\"og:image\" content=\"https:\/\/pescamarechal.com.br\/wp-content\/uploads\/2023\/05\/Prancheta-1-100.jpg\" \/>\n<meta name=\"twitter:card\" content=\"summary_large_image\" \/>\n<meta name=\"twitter:label1\" content=\"Est. tempo de leitura\" \/>\n\t<meta name=\"twitter:data1\" content=\"1 minuto\" \/>\n<script type=\"application\/ld+json\" class=\"yoast-schema-graph\">{\"@context\":\"https:\/\/schema.org\",\"@graph\":[{\"@type\":\"WebPage\",\"@id\":\"https:\/\/pescamarechal.com.br\/index.php\/clube-de-pesca-esportiva-marechal\/\",\"url\":\"https:\/\/pescamarechal.com.br\/index.php\/clube-de-pesca-esportiva-marechal\/\",\"name\":\"Clube de Pesca Esportiva Marechal - Clube Pesca Esportiva Marechal\",\"isPartOf\":{\"@id\":\"https:\/\/pescamarechal.com.br\/#website\"},\"datePublished\":\"2023-03-01T03:08:29+00:00\",\"dateModified\":\"2023-05-30T03:42:05+00:00\",\"description\":\"Bem-vindo ao nosso site de pesca esportiva em Marechal C\u00e2ndido Rondon, no Paran\u00e1! N\u00f3s somos uma equipe apaixonada por pesca e estamos localizados em uma das regi\u00f5es mais belas e ricas em vida aqu\u00e1tica do pa\u00eds.\",\"breadcrumb\":{\"@id\":\"https:\/\/pescamarechal.com.br\/index.php\/clube-de-pesca-esportiva-marechal\/#breadcrumb\"},\"inLanguage\":\"pt-BR\",\"potentialAction\":[{\"@type\":\"ReadAction\",\"target\":[\"https:\/\/pescamarechal.com.br\/index.php\/clube-de-pesca-esportiva-marechal\/\"]}]},{\"@type\":\"BreadcrumbList\",\"@id\":\"https:\/\/pescamarechal.com.br\/index.php\/clube-de-pesca-esportiva-marechal\/#breadcrumb\",\"itemListElement\":[{\"@type\":\"ListItem\",\"position\":1,\"name\":\"Home\",\"item\":\"https:\/\/pescamarechal.com.br\/\"},{\"@type\":\"ListItem\",\"position\":2,\"name\":\"Clube de Pesca Esportiva Marechal\"}]},{\"@type\":\"WebSite\",\"@id\":\"https:\/\/pescamarechal.com.br\/#website\",\"url\":\"https:\/\/pescamarechal.com.br\/\",\"name\":\"Clube Pesca Esportiva Marechal\",\"description\":\"\",\"publisher\":{\"@id\":\"https:\/\/pescamarechal.com.br\/#organization\"},\"alternateName\":\"Clube Pesca Esportiva Marechal\",\"potentialAction\":[{\"@type\":\"SearchAction\",\"target\":{\"@type\":\"EntryPoint\",\"urlTemplate\":\"https:\/\/pescamarechal.com.br\/?s={search_term_string}\"},\"query-input\":\"required name=search_term_string\"}],\"inLanguage\":\"pt-BR\"},{\"@type\":\"Organization\",\"@id\":\"https:\/\/pescamarechal.com.br\/#organization\",\"name\":\"Clube Pesca Esportiva Marechal\",\"url\":\"https:\/\/pescamarechal.com.br\/\",\"logo\":{\"@type\":\"ImageObject\",\"inLanguage\":\"pt-BR\",\"@id\":\"https:\/\/pescamarechal.com.br\/#\/schema\/logo\/image\/\",\"url\":\"https:\/\/pescamarechal.com.br\/wp-content\/uploads\/2023\/05\/logo-site.png\",\"contentUrl\":\"https:\/\/pescamarechal.com.br\/wp-content\/uploads\/2023\/05\/logo-site.png\",\"width\":150,\"height\":110,\"caption\":\"Clube Pesca Esportiva Marechal\"},\"image\":{\"@id\":\"https:\/\/pescamarechal.com.br\/#\/schema\/logo\/image\/\"}}]}<\/script>\n<!-- \/ Yoast SEO Premium plugin. -->","yoast_head_json":{"title":"Clube de Pesca Esportiva Marechal - Clube Pesca Esportiva Marechal","description":"Bem-vindo ao nosso site de pesca esportiva em Marechal C\u00e2ndido Rondon, no Paran\u00e1! N\u00f3s somos uma equipe apaixonada por pesca e estamos localizados em uma das regi\u00f5es mais belas e ricas em vida aqu\u00e1tica do pa\u00eds.","robots":{"index":"index","follow":"follow","max-snippet":"max-snippet:-1","max-image-preview":"max-image-preview:large","max-video-preview":"max-video-preview:-1"},"canonical":"https:\/\/pescamarechal.com.br\/index.php\/clube-de-pesca-esportiva-marechal\/","og_locale":"pt_BR","og_type":"article","og_title":"Clube de Pesca Esportiva Marechal","og_description":"Bem-vindo ao nosso site de pesca esportiva em Marechal C\u00e2ndido Rondon, no Paran\u00e1! N\u00f3s somos uma equipe apaixonada por pesca e estamos localizados em uma das regi\u00f5es mais belas e ricas em vida aqu\u00e1tica do pa\u00eds.","og_url":"https:\/\/pescamarechal.com.br\/index.php\/clube-de-pesca-esportiva-marechal\/","og_site_name":"Clube Pesca Esportiva Marechal","article_modified_time":"2023-05-30T03:42:05+00:00","og_image":[{"url":"https:\/\/pescamarechal.com.br\/wp-content\/uploads\/2023\/05\/Prancheta-1-100.jpg"}],"twitter_card":"summary_large_image","twitter_misc":{"Est. tempo de leitura":"1 minuto"},"schema":{"@context":"https:\/\/schema.org","@graph":[{"@type":"WebPage","@id":"https:\/\/pescamarechal.com.br\/index.php\/clube-de-pesca-esportiva-marechal\/","url":"https:\/\/pescamarechal.com.br\/index.php\/clube-de-pesca-esportiva-marechal\/","name":"Clube de Pesca Esportiva Marechal - Clube Pesca Esportiva Marechal","isPartOf":{"@id":"https:\/\/pescamarechal.com.br\/#website"},"datePublished":"2023-03-01T03:08:29+00:00","dateModified":"2023-05-30T03:42:05+00:00","description":"Bem-vindo ao nosso site de pesca esportiva em Marechal C\u00e2ndido Rondon, no Paran\u00e1! N\u00f3s somos uma equipe apaixonada por pesca e estamos localizados em uma das regi\u00f5es mais belas e ricas em vida aqu\u00e1tica do pa\u00eds.","breadcrumb":{"@id":"https:\/\/pescamarechal.com.br\/index.php\/clube-de-pesca-esportiva-marechal\/#breadcrumb"},"inLanguage":"pt-BR","potentialAction":[{"@type":"ReadAction","target":["https:\/\/pescamarechal.com.br\/index.php\/clube-de-pesca-esportiva-marechal\/"]}]},{"@type":"BreadcrumbList","@id":"https:\/\/pescamarechal.com.br\/index.php\/clube-de-pesca-esportiva-marechal\/#breadcrumb","itemListElement":[{"@type":"ListItem","position":1,"name":"Home","item":"https:\/\/pescamarechal.com.br\/"},{"@type":"ListItem","position":2,"name":"Clube de Pesca Esportiva Marechal"}]},{"@type":"WebSite","@id":"https:\/\/pescamarechal.com.br\/#website","url":"https:\/\/pescamarechal.com.br\/","name":"Clube Pesca Esportiva Marechal","description":"","publisher":{"@id":"https:\/\/pescamarechal.com.br\/#organization"},"alternateName":"Clube Pesca Esportiva Marechal","potentialAction":[{"@type":"SearchAction","target":{"@type":"EntryPoint","urlTemplate":"https:\/\/pescamarechal.com.br\/?s={search_term_string}"},"query-input":"required name=search_term_string"}],"inLanguage":"pt-BR"},{"@type":"Organization","@id":"https:\/\/pescamarechal.com.br\/#organization","name":"Clube Pesca Esportiva Marechal","url":"https:\/\/pescamarechal.com.br\/","logo":{"@type":"ImageObject","inLanguage":"pt-BR","@id":"https:\/\/pescamarechal.com.br\/#\/schema\/logo\/image\/","url":"https:\/\/pescamarechal.com.br\/wp-content\/uploads\/2023\/05\/logo-site.png","contentUrl":"https:\/\/pescamarechal.com.br\/wp-content\/uploads\/2023\/05\/logo-site.png","width":150,"height":110,"caption":"Clube Pesca Esportiva Marechal"},"image":{"@id":"https:\/\/pescamarechal.com.br\/#\/schema\/logo\/image\/"}}]}},"_links":{"self":[{"href":"https:\/\/pescamarechal.com.br\/index.php\/wp-json\/wp\/v2\/pages\/19"}],"collection":[{"href":"https:\/\/pescamarechal.com.br\/index.php\/wp-json\/wp\/v2\/pages"}],"about":[{"href":"https:\/\/pescamarechal.com.br\/index.php\/wp-json\/wp\/v2\/types\/page"}],"author":[{"embeddable":true,"href":"https:\/\/pescamarechal.com.br\/index.php\/wp-json\/wp\/v2\/users\/1"}],"replies":[{"embeddable":true,"href":"https:\/\/pescamarechal.com.br\/index.php\/wp-json\/wp\/v2\/comments?post=19"}],"version-history":[{"count":98,"href":"https:\/\/pescamarechal.com.br\/index.php\/wp-json\/wp\/v2\/pages\/19\/revisions"}],"predecessor-version":[{"id":166,"href":"https:\/\/pescamarechal.com.br\/index.php\/wp-json\/wp\/v2\/pages\/19\/revisions\/166"}],"wp:attachment":[{"href":"https:\/\/pescamarechal.com.br\/index.php\/wp-json\/wp\/v2\/media?parent=19"}],"curies":[{"name":"wp","href":"https:\/\/api.w.org\/{rel}","templated":true}]}}