{"id":345,"date":"2023-06-08T12:30:39","date_gmt":"2023-06-08T15:30:39","guid":{"rendered":"https:\/\/pescamarechal.com.br\/?page_id=345"},"modified":"2023-06-08T12:37:56","modified_gmt":"2023-06-08T15:37:56","slug":"pesca-marechal","status":"publish","type":"page","link":"https:\/\/pescamarechal.com.br\/index.php\/pesca-marechal\/","title":{"rendered":"Pesca Marechal"},"content":{"rendered":"\t\t<div data-elementor-type=\"wp-page\" data-elementor-id=\"345\" class=\"elementor elementor-345\">\n\t\t\t\t\t\t\t\t\t<section class=\"elementor-section elementor-top-section elementor-element elementor-element-39dafed elementor-section-boxed elementor-section-height-default elementor-section-height-default\" data-id=\"39dafed\" data-element_type=\"section\">\n\t\t\t\t\t\t<div class=\"elementor-container elementor-column-gap-default\">\n\t\t\t\t\t<div class=\"elementor-column elementor-col-100 elementor-top-column elementor-element elementor-element-c4154b0\" data-id=\"c4154b0\" data-element_type=\"column\">\n\t\t\t<div class=\"elementor-widget-wrap elementor-element-populated\">\n\t\t\t\t\t\t\t\t<div class=\"elementor-element elementor-element-a432a0f elementor-widget elementor-widget-heading\" data-id=\"a432a0f\" data-element_type=\"widget\" data-widget_type=\"heading.default\">\n\t\t\t\t<div class=\"elementor-widget-container\">\n\t\t\t<style>\/*! elementor - v3.11.2 - 22-02-2023 *\/\n.elementor-heading-title{padding:0;margin:0;line-height:1}.elementor-widget-heading .elementor-heading-title[class*=elementor-size-]>a{color:inherit;font-size:inherit;line-height:inherit}.elementor-widget-heading .elementor-heading-title.elementor-size-small{font-size:15px}.elementor-widget-heading .elementor-heading-title.elementor-size-medium{font-size:19px}.elementor-widget-heading .elementor-heading-title.elementor-size-large{font-size:29px}.elementor-widget-heading .elementor-heading-title.elementor-size-xl{font-size:39px}.elementor-widget-heading .elementor-heading-title.elementor-size-xxl{font-size:59px}<\/style><h2 class=\"elementor-heading-title elementor-size-default\">Pesca Marechal<\/h2>\t\t<\/div>\n\t\t\t\t<\/div>\n\t\t\t\t<div class=\"elementor-element elementor-element-5f38d59 elementor-widget elementor-widget-text-editor\" data-id=\"5f38d59\" data-element_type=\"widget\" data-widget_type=\"text-editor.default\">\n\t\t\t\t<div class=\"elementor-widget-container\">\n\t\t\t<style>\/*! elementor - v3.11.2 - 22-02-2023 *\/\n.elementor-widget-text-editor.elementor-drop-cap-view-stacked .elementor-drop-cap{background-color:#818a91;color:#fff}.elementor-widget-text-editor.elementor-drop-cap-view-framed .elementor-drop-cap{color:#818a91;border:3px solid;background-color:transparent}.elementor-widget-text-editor:not(.elementor-drop-cap-view-default) .elementor-drop-cap{margin-top:8px}.elementor-widget-text-editor:not(.elementor-drop-cap-view-default) .elementor-drop-cap-letter{width:1em;height:1em}.elementor-widget-text-editor .elementor-drop-cap{float:left;text-align:center;line-height:1;font-size:50px}.elementor-widget-text-editor .elementor-drop-cap-letter{display:inline-block}<\/style>\t\t\t\t<p>O<strong> Clube de Pesca Esportiva Marechal<\/strong>, est\u00e1 localizado em Porto Mendes, distrito tur\u00edstico de Marechal C\u00e2ndido Rondon &#8211; PR. O CPEM \u00e9 composto por 9 integrantes que dedicam suas horas vagas na propaga\u00e7\u00e3o da pesca esportiva, incentivando pessoas a praticar esse esporte que cada vez mais, conquista adeptos em todo Brasil.<\/p><h4>OBJETIVOS:<\/h4><p>Divulgar o potencial tur\u00edstico do reservat\u00f3rio da ITAIPU, no munic\u00edpio de Marechal C\u00e2ndido Rondon -PR e regi\u00e3o;<br \/>Desenvolver o potencial tur\u00edstico da Pesca Esportiva com seriedade, qualidade e t\u00e9cnicas que exigem o segmento;<br \/>Desenvolver a consci\u00eancia ecol\u00f3gica dos pescadores do munic\u00edpio e regi\u00e3o atrav\u00e9s da divulga\u00e7\u00e3o e pr\u00e1ticas que normatizam a Pesca Esportiva visando, principalmente, ao combate de materiais e atitudes poluentes e predat\u00f3rias;<br \/>Despertar as autoridades para a normatiza\u00e7\u00e3o e cria\u00e7\u00e3o de leis espec\u00edficas para o segmento da Pesca Esportiva.<\/p><p><strong>PRATIQUE A PESCA ESPORTIVA!<\/strong><\/p>\t\t\t\t\t\t<\/div>\n\t\t\t\t<\/div>\n\t\t\t\t\t<\/div>\n\t\t<\/div>\n\t\t\t\t\t\t\t<\/div>\n\t\t<\/section>\n\t\t\t\t\t\t\t<\/div>\n\t\t","protected":false},"excerpt":{"rendered":"<p>Pesca Marechal O Clube de Pesca Esportiva Marechal, est\u00e1 localizado em Porto Mendes, distrito tur\u00edstico de Marechal C\u00e2ndido Rondon &#8211; PR. O CPEM \u00e9 composto por 9 integrantes que dedicam suas horas vagas na propaga\u00e7\u00e3o da pesca esportiva, incentivando pessoas a praticar esse esporte que cada vez mais, conquista adeptos em todo Brasil. OBJETIVOS: Divulgar&hellip; <a class=\"more-link\" href=\"https:\/\/pescamarechal.com.br\/index.php\/pesca-marechal\/\">Continuar lendo <span class=\"screen-reader-text\">Pesca Marechal<\/span><\/a><\/p>\n","protected":false},"author":1,"featured_media":0,"parent":0,"menu_order":0,"comment_status":"closed","ping_status":"closed","template":"elementor_canvas","meta":{"footnotes":""},"yoast_head":"<!-- This site is optimized with the Yoast SEO Premium plugin v20.1 (Yoast SEO v20.1) - https:\/\/yoast.com\/wordpress\/plugins\/seo\/ -->\n<title>Pesca Marechal - Clube Pesca Esportiva Marechal<\/title>\n<meta name=\"robots\" content=\"index, follow, max-snippet:-1, max-image-preview:large, max-video-preview:-1\" \/>\n<link rel=\"canonical\" href=\"https:\/\/pescamarechal.com.br\/index.php\/pesca-marechal\/\" \/>\n<meta property=\"og:locale\" content=\"pt_BR\" \/>\n<meta property=\"og:type\" content=\"article\" \/>\n<meta property=\"og:title\" content=\"Pesca Marechal\" \/>\n<meta property=\"og:description\" content=\"Pesca Marechal O Clube de Pesca Esportiva Marechal, est\u00e1 localizado em Porto Mendes, distrito tur\u00edstico de Marechal C\u00e2ndido Rondon &#8211; PR. O CPEM \u00e9 composto por 9 integrantes que dedicam suas horas vagas na propaga\u00e7\u00e3o da pesca esportiva, incentivando pessoas a praticar esse esporte que cada vez mais, conquista adeptos em todo Brasil. OBJETIVOS: Divulgar&hellip; Continuar lendo Pesca Marechal\" \/>\n<meta property=\"og:url\" content=\"https:\/\/pescamarechal.com.br\/index.php\/pesca-marechal\/\" \/>\n<meta property=\"og:site_name\" content=\"Clube Pesca Esportiva Marechal\" \/>\n<meta property=\"article:modified_time\" content=\"2023-06-08T15:37:56+00:00\" \/>\n<meta property=\"og:image\" content=\"https:\/\/pescamarechal.com.br\/wp-content\/uploads\/2023\/03\/fundo-titulo.jpg\" \/>\n\t<meta property=\"og:image:width\" content=\"1200\" \/>\n\t<meta property=\"og:image:height\" content=\"675\" \/>\n\t<meta property=\"og:image:type\" content=\"image\/jpeg\" \/>\n<meta name=\"twitter:card\" content=\"summary_large_image\" \/>\n<meta name=\"twitter:label1\" content=\"Est. tempo de leitura\" \/>\n\t<meta name=\"twitter:data1\" content=\"1 minuto\" \/>\n<script type=\"application\/ld+json\" class=\"yoast-schema-graph\">{\"@context\":\"https:\/\/schema.org\",\"@graph\":[{\"@type\":\"WebPage\",\"@id\":\"https:\/\/pescamarechal.com.br\/index.php\/pesca-marechal\/\",\"url\":\"https:\/\/pescamarechal.com.br\/index.php\/pesca-marechal\/\",\"name\":\"Pesca Marechal - Clube Pesca Esportiva Marechal\",\"isPartOf\":{\"@id\":\"https:\/\/pescamarechal.com.br\/#website\"},\"datePublished\":\"2023-06-08T15:30:39+00:00\",\"dateModified\":\"2023-06-08T15:37:56+00:00\",\"breadcrumb\":{\"@id\":\"https:\/\/pescamarechal.com.br\/index.php\/pesca-marechal\/#breadcrumb\"},\"inLanguage\":\"pt-BR\",\"potentialAction\":[{\"@type\":\"ReadAction\",\"target\":[\"https:\/\/pescamarechal.com.br\/index.php\/pesca-marechal\/\"]}]},{\"@type\":\"BreadcrumbList\",\"@id\":\"https:\/\/pescamarechal.com.br\/index.php\/pesca-marechal\/#breadcrumb\",\"itemListElement\":[{\"@type\":\"ListItem\",\"position\":1,\"name\":\"Home\",\"item\":\"https:\/\/pescamarechal.com.br\/\"},{\"@type\":\"ListItem\",\"position\":2,\"name\":\"Pesca Marechal\"}]},{\"@type\":\"WebSite\",\"@id\":\"https:\/\/pescamarechal.com.br\/#website\",\"url\":\"https:\/\/pescamarechal.com.br\/\",\"name\":\"Clube Pesca Esportiva Marechal\",\"description\":\"\",\"publisher\":{\"@id\":\"https:\/\/pescamarechal.com.br\/#organization\"},\"alternateName\":\"Clube Pesca Esportiva Marechal\",\"potentialAction\":[{\"@type\":\"SearchAction\",\"target\":{\"@type\":\"EntryPoint\",\"urlTemplate\":\"https:\/\/pescamarechal.com.br\/?s={search_term_string}\"},\"query-input\":\"required name=search_term_string\"}],\"inLanguage\":\"pt-BR\"},{\"@type\":\"Organization\",\"@id\":\"https:\/\/pescamarechal.com.br\/#organization\",\"name\":\"Clube Pesca Esportiva Marechal\",\"url\":\"https:\/\/pescamarechal.com.br\/\",\"logo\":{\"@type\":\"ImageObject\",\"inLanguage\":\"pt-BR\",\"@id\":\"https:\/\/pescamarechal.com.br\/#\/schema\/logo\/image\/\",\"url\":\"https:\/\/pescamarechal.com.br\/wp-content\/uploads\/2023\/05\/logo-site.png\",\"contentUrl\":\"https:\/\/pescamarechal.com.br\/wp-content\/uploads\/2023\/05\/logo-site.png\",\"width\":150,\"height\":110,\"caption\":\"Clube Pesca Esportiva Marechal\"},\"image\":{\"@id\":\"https:\/\/pescamarechal.com.br\/#\/schema\/logo\/image\/\"}}]}<\/script>\n<!-- \/ Yoast SEO Premium plugin. -->","yoast_head_json":{"title":"Pesca Marechal - Clube Pesca Esportiva Marechal","robots":{"index":"index","follow":"follow","max-snippet":"max-snippet:-1","max-image-preview":"max-image-preview:large","max-video-preview":"max-video-preview:-1"},"canonical":"https:\/\/pescamarechal.com.br\/index.php\/pesca-marechal\/","og_locale":"pt_BR","og_type":"article","og_title":"Pesca Marechal","og_description":"Pesca Marechal O Clube de Pesca Esportiva Marechal, est\u00e1 localizado em Porto Mendes, distrito tur\u00edstico de Marechal C\u00e2ndido Rondon &#8211; PR. O CPEM \u00e9 composto por 9 integrantes que dedicam suas horas vagas na propaga\u00e7\u00e3o da pesca esportiva, incentivando pessoas a praticar esse esporte que cada vez mais, conquista adeptos em todo Brasil. OBJETIVOS: Divulgar&hellip; Continuar lendo Pesca Marechal","og_url":"https:\/\/pescamarechal.com.br\/index.php\/pesca-marechal\/","og_site_name":"Clube Pesca Esportiva Marechal","article_modified_time":"2023-06-08T15:37:56+00:00","og_image":[{"width":1200,"height":675,"url":"https:\/\/pescamarechal.com.br\/wp-content\/uploads\/2023\/03\/fundo-titulo.jpg","type":"image\/jpeg"}],"twitter_card":"summary_large_image","twitter_misc":{"Est. tempo de leitura":"1 minuto"},"schema":{"@context":"https:\/\/schema.org","@graph":[{"@type":"WebPage","@id":"https:\/\/pescamarechal.com.br\/index.php\/pesca-marechal\/","url":"https:\/\/pescamarechal.com.br\/index.php\/pesca-marechal\/","name":"Pesca Marechal - Clube Pesca Esportiva Marechal","isPartOf":{"@id":"https:\/\/pescamarechal.com.br\/#website"},"datePublished":"2023-06-08T15:30:39+00:00","dateModified":"2023-06-08T15:37:56+00:00","breadcrumb":{"@id":"https:\/\/pescamarechal.com.br\/index.php\/pesca-marechal\/#breadcrumb"},"inLanguage":"pt-BR","potentialAction":[{"@type":"ReadAction","target":["https:\/\/pescamarechal.com.br\/index.php\/pesca-marechal\/"]}]},{"@type":"BreadcrumbList","@id":"https:\/\/pescamarechal.com.br\/index.php\/pesca-marechal\/#breadcrumb","itemListElement":[{"@type":"ListItem","position":1,"name":"Home","item":"https:\/\/pescamarechal.com.br\/"},{"@type":"ListItem","position":2,"name":"Pesca Marechal"}]},{"@type":"WebSite","@id":"https:\/\/pescamarechal.com.br\/#website","url":"https:\/\/pescamarechal.com.br\/","name":"Clube Pesca Esportiva Marechal","description":"","publisher":{"@id":"https:\/\/pescamarechal.com.br\/#organization"},"alternateName":"Clube Pesca Esportiva Marechal","potentialAction":[{"@type":"SearchAction","target":{"@type":"EntryPoint","urlTemplate":"https:\/\/pescamarechal.com.br\/?s={search_term_string}"},"query-input":"required name=search_term_string"}],"inLanguage":"pt-BR"},{"@type":"Organization","@id":"https:\/\/pescamarechal.com.br\/#organization","name":"Clube Pesca Esportiva Marechal","url":"https:\/\/pescamarechal.com.br\/","logo":{"@type":"ImageObject","inLanguage":"pt-BR","@id":"https:\/\/pescamarechal.com.br\/#\/schema\/logo\/image\/","url":"https:\/\/pescamarechal.com.br\/wp-content\/uploads\/2023\/05\/logo-site.png","contentUrl":"https:\/\/pescamarechal.com.br\/wp-content\/uploads\/2023\/05\/logo-site.png","width":150,"height":110,"caption":"Clube Pesca Esportiva Marechal"},"image":{"@id":"https:\/\/pescamarechal.com.br\/#\/schema\/logo\/image\/"}}]}},"_links":{"self":[{"href":"https:\/\/pescamarechal.com.br\/index.php\/wp-json\/wp\/v2\/pages\/345"}],"collection":[{"href":"https:\/\/pescamarechal.com.br\/index.php\/wp-json\/wp\/v2\/pages"}],"about":[{"href":"https:\/\/pescamarechal.com.br\/index.php\/wp-json\/wp\/v2\/types\/page"}],"author":[{"embeddable":true,"href":"https:\/\/pescamarechal.com.br\/index.php\/wp-json\/wp\/v2\/users\/1"}],"replies":[{"embeddable":true,"href":"https:\/\/pescamarechal.com.br\/index.php\/wp-json\/wp\/v2\/comments?post=345"}],"version-history":[{"count":16,"href":"https:\/\/pescamarechal.com.br\/index.php\/wp-json\/wp\/v2\/pages\/345\/revisions"}],"predecessor-version":[{"id":364,"href":"https:\/\/pescamarechal.com.br\/index.php\/wp-json\/wp\/v2\/pages\/345\/revisions\/364"}],"wp:attachment":[{"href":"https:\/\/pescamarechal.com.br\/index.php\/wp-json\/wp\/v2\/media?parent=345"}],"curies":[{"name":"wp","href":"https:\/\/api.w.org\/{rel}","templated":true}]}}